{"id":93135,"date":"2022-02-11T09:50:49","date_gmt":"2022-02-11T09:50:49","guid":{"rendered":"https:\/\/www.perceko.lv\/contacts\/"},"modified":"2022-12-16T11:04:42","modified_gmt":"2022-12-16T11:04:42","slug":"contacts","status":"publish","type":"page","link":"https:\/\/www.perceko.lv\/en\/contacts\/","title":{"rendered":"Contacts"},"content":{"rendered":"<p><strong><span style=\"color: #339966;\">Legal address:<\/span><\/strong><\/p>\n<p>SIA &#8220;Samex Group&#8221;<\/p>\n<p>Re\u0123. Nr. LV40103231674<\/p>\n<p>S.Eizen\u0161teina iela 79- 92, R\u012bga, LV- 1079, Latvija<\/p>\n<p>Working hours:<\/p>\n<p>Mon-Fri. 09:00 &#8211; 15:00<\/p>\n<p>e-mail: veikals@perceko.lv<\/p>\n<p>&nbsp;<\/p>\n","protected":false},"excerpt":{"rendered":"<p>Legal address: SIA &#8220;Samex Group&#8221; Re\u0123. Nr. LV40103231674 S.Eizen\u0161teina iela 79- 92, R\u012bga, LV- 1079, Latvija Working hours: Mon-Fri. 09:00 &#8211; 15:00 e-mail: veikals@perceko.lv &nbsp;<\/p>\n","protected":false},"author":1,"featured_media":0,"parent":0,"menu_order":8,"comment_status":"closed","ping_status":"closed","template":"template-contacts.php","meta":[],"yoast_head":"<!-- This site is optimized with the Yoast SEO plugin v19.8 - https:\/\/yoast.com\/wordpress\/plugins\/seo\/ -->\n<title>Contacts - Perc Eko<\/title>\n<meta name=\"robots\" content=\"index, follow, max-snippet:-1, max-image-preview:large, max-video-preview:-1\" \/>\n<link rel=\"canonical\" href=\"https:\/\/www.perceko.lv\/en\/contacts\/\" \/>\n<meta property=\"og:locale\" content=\"en_US\" \/>\n<meta property=\"og:type\" content=\"article\" \/>\n<meta property=\"og:title\" content=\"Contacts - Perc Eko\" \/>\n<meta property=\"og:description\" content=\"Legal address: SIA &#8220;Samex Group&#8221; Re\u0123. Nr. LV40103231674 S.Eizen\u0161teina iela 79- 92, R\u012bga, LV- 1079, Latvija Working hours: Mon-Fri. 09:00 &#8211; 15:00 e-mail: veikals@perceko.lv &nbsp;\" \/>\n<meta property=\"og:url\" content=\"https:\/\/www.perceko.lv\/en\/contacts\/\" \/>\n<meta property=\"og:site_name\" content=\"Perc Eko\" \/>\n<meta property=\"article:publisher\" content=\"https:\/\/www.facebook.com\/perceko\" \/>\n<meta property=\"article:modified_time\" content=\"2022-12-16T11:04:42+00:00\" \/>\n<meta name=\"twitter:label1\" content=\"Est. reading time\" \/>\n\t<meta name=\"twitter:data1\" content=\"1 minute\" \/>\n<script type=\"application\/ld+json\" class=\"yoast-schema-graph\">{\"@context\":\"https:\/\/schema.org\",\"@graph\":[{\"@type\":\"WebPage\",\"@id\":\"https:\/\/www.perceko.lv\/en\/contacts\/\",\"url\":\"https:\/\/www.perceko.lv\/en\/contacts\/\",\"name\":\"Contacts - Perc Eko\",\"isPartOf\":{\"@id\":\"https:\/\/www.perceko.lv\/ru\/#website\"},\"datePublished\":\"2022-02-11T09:50:49+00:00\",\"dateModified\":\"2022-12-16T11:04:42+00:00\",\"breadcrumb\":{\"@id\":\"https:\/\/www.perceko.lv\/en\/contacts\/#breadcrumb\"},\"inLanguage\":\"en-US\",\"potentialAction\":[{\"@type\":\"ReadAction\",\"target\":[\"https:\/\/www.perceko.lv\/en\/contacts\/\"]}]},{\"@type\":\"BreadcrumbList\",\"@id\":\"https:\/\/www.perceko.lv\/en\/contacts\/#breadcrumb\",\"itemListElement\":[{\"@type\":\"ListItem\",\"position\":1,\"name\":\"Home\",\"item\":\"https:\/\/www.perceko.lv\/en\/\"},{\"@type\":\"ListItem\",\"position\":2,\"name\":\"Contacts\"}]},{\"@type\":\"WebSite\",\"@id\":\"https:\/\/www.perceko.lv\/ru\/#website\",\"url\":\"https:\/\/www.perceko.lv\/ru\/\",\"name\":\"Perc Eko\",\"description\":\"\",\"potentialAction\":[{\"@type\":\"SearchAction\",\"target\":{\"@type\":\"EntryPoint\",\"urlTemplate\":\"https:\/\/www.perceko.lv\/ru\/?s={search_term_string}\"},\"query-input\":\"required name=search_term_string\"}],\"inLanguage\":\"en-US\"}]}<\/script>\n<!-- \/ Yoast SEO plugin. -->","yoast_head_json":{"title":"Contacts - Perc Eko","robots":{"index":"index","follow":"follow","max-snippet":"max-snippet:-1","max-image-preview":"max-image-preview:large","max-video-preview":"max-video-preview:-1"},"canonical":"https:\/\/www.perceko.lv\/en\/contacts\/","og_locale":"en_US","og_type":"article","og_title":"Contacts - Perc Eko","og_description":"Legal address: SIA &#8220;Samex Group&#8221; Re\u0123. Nr. LV40103231674 S.Eizen\u0161teina iela 79- 92, R\u012bga, LV- 1079, Latvija Working hours: Mon-Fri. 09:00 &#8211; 15:00 e-mail: veikals@perceko.lv &nbsp;","og_url":"https:\/\/www.perceko.lv\/en\/contacts\/","og_site_name":"Perc Eko","article_publisher":"https:\/\/www.facebook.com\/perceko","article_modified_time":"2022-12-16T11:04:42+00:00","twitter_misc":{"Est. reading time":"1 minute"},"schema":{"@context":"https:\/\/schema.org","@graph":[{"@type":"WebPage","@id":"https:\/\/www.perceko.lv\/en\/contacts\/","url":"https:\/\/www.perceko.lv\/en\/contacts\/","name":"Contacts - Perc Eko","isPartOf":{"@id":"https:\/\/www.perceko.lv\/ru\/#website"},"datePublished":"2022-02-11T09:50:49+00:00","dateModified":"2022-12-16T11:04:42+00:00","breadcrumb":{"@id":"https:\/\/www.perceko.lv\/en\/contacts\/#breadcrumb"},"inLanguage":"en-US","potentialAction":[{"@type":"ReadAction","target":["https:\/\/www.perceko.lv\/en\/contacts\/"]}]},{"@type":"BreadcrumbList","@id":"https:\/\/www.perceko.lv\/en\/contacts\/#breadcrumb","itemListElement":[{"@type":"ListItem","position":1,"name":"Home","item":"https:\/\/www.perceko.lv\/en\/"},{"@type":"ListItem","position":2,"name":"Contacts"}]},{"@type":"WebSite","@id":"https:\/\/www.perceko.lv\/ru\/#website","url":"https:\/\/www.perceko.lv\/ru\/","name":"Perc Eko","description":"","potentialAction":[{"@type":"SearchAction","target":{"@type":"EntryPoint","urlTemplate":"https:\/\/www.perceko.lv\/ru\/?s={search_term_string}"},"query-input":"required name=search_term_string"}],"inLanguage":"en-US"}]}},"_links":{"self":[{"href":"https:\/\/www.perceko.lv\/en\/wp-json\/wp\/v2\/pages\/93135"}],"collection":[{"href":"https:\/\/www.perceko.lv\/en\/wp-json\/wp\/v2\/pages"}],"about":[{"href":"https:\/\/www.perceko.lv\/en\/wp-json\/wp\/v2\/types\/page"}],"author":[{"embeddable":true,"href":"https:\/\/www.perceko.lv\/en\/wp-json\/wp\/v2\/users\/1"}],"replies":[{"embeddable":true,"href":"https:\/\/www.perceko.lv\/en\/wp-json\/wp\/v2\/comments?post=93135"}],"version-history":[{"count":1,"href":"https:\/\/www.perceko.lv\/en\/wp-json\/wp\/v2\/pages\/93135\/revisions"}],"predecessor-version":[{"id":95095,"href":"https:\/\/www.perceko.lv\/en\/wp-json\/wp\/v2\/pages\/93135\/revisions\/95095"}],"wp:attachment":[{"href":"https:\/\/www.perceko.lv\/en\/wp-json\/wp\/v2\/media?parent=93135"}],"curies":[{"name":"wp","href":"https:\/\/api.w.org\/{rel}","templated":true}]}}