{"id":2391,"date":"2018-04-03T14:39:23","date_gmt":"2018-04-03T14:39:23","guid":{"rendered":"https:\/\/www.perceko.lv\/?page_id=2391"},"modified":"2025-07-21T08:51:04","modified_gmt":"2025-07-21T08:51:04","slug":"kontakty","status":"publish","type":"page","link":"https:\/\/www.perceko.lv\/ru\/kontakty\/","title":{"rendered":"\u041a\u043e\u043d\u0442\u0430\u043a\u0442\u044b"},"content":{"rendered":"<p>Legal address:<\/p>\n<p>SIA &#8220;Samex Group&#8221;<\/p>\n<p>Re\u0123. Nr. LV40103231674<\/p>\n<p>S.Eizen\u0161teina iela 79- 92, R\u012bga, LV- 1079, Latvija<\/p>\n<p>\u0420\u0430\u0431\u043e\u0447\u0435\u0435 \u0432\u0440\u0435\u043c\u044f:<\/p>\n<p>\u041f. &#8211; \u0427 . 09:00 &#8211; 15:00<\/p>\n<p>\u044d\u043b.\u0430\u0434\u0440\u0435\u0441: veikals@perceko.lv<\/p>\n","protected":false},"excerpt":{"rendered":"<p>Legal address: SIA &#8220;Samex Group&#8221; Re\u0123. Nr. LV40103231674 S.Eizen\u0161teina iela 79- 92, R\u012bga, LV- 1079, Latvija \u0420\u0430\u0431\u043e\u0447\u0435\u0435 \u0432\u0440\u0435\u043c\u044f: \u041f. &#8211; \u0427 . 09:00 &#8211; 15:00 \u044d\u043b.\u0430\u0434\u0440\u0435\u0441: veikals@perceko.lv<\/p>\n","protected":false},"author":1,"featured_media":0,"parent":0,"menu_order":8,"comment_status":"closed","ping_status":"closed","template":"template-contacts.php","meta":[],"yoast_head":"<!-- This site is optimized with the Yoast SEO plugin v19.8 - https:\/\/yoast.com\/wordpress\/plugins\/seo\/ -->\n<title>\u041a\u043e\u043d\u0442\u0430\u043a\u0442\u044b - Perc Eko<\/title>\n<meta name=\"robots\" content=\"index, follow, max-snippet:-1, max-image-preview:large, max-video-preview:-1\" \/>\n<link rel=\"canonical\" href=\"https:\/\/www.perceko.lv\/ru\/kontakty\/\" \/>\n<meta property=\"og:locale\" content=\"ru_RU\" \/>\n<meta property=\"og:type\" content=\"article\" \/>\n<meta property=\"og:title\" content=\"\u041a\u043e\u043d\u0442\u0430\u043a\u0442\u044b - Perc Eko\" \/>\n<meta property=\"og:description\" content=\"Legal address: SIA &#8220;Samex Group&#8221; Re\u0123. Nr. LV40103231674 S.Eizen\u0161teina iela 79- 92, R\u012bga, LV- 1079, Latvija \u0420\u0430\u0431\u043e\u0447\u0435\u0435 \u0432\u0440\u0435\u043c\u044f: \u041f. &#8211; \u0427 . 09:00 &#8211; 15:00 \u044d\u043b.\u0430\u0434\u0440\u0435\u0441: veikals@perceko.lv\" \/>\n<meta property=\"og:url\" content=\"https:\/\/www.perceko.lv\/ru\/kontakty\/\" \/>\n<meta property=\"og:site_name\" content=\"Perc Eko\" \/>\n<meta property=\"article:publisher\" content=\"https:\/\/www.facebook.com\/perceko\" \/>\n<meta property=\"article:modified_time\" content=\"2025-07-21T08:51:04+00:00\" \/>\n<meta name=\"twitter:label1\" content=\"Est. reading time\" \/>\n\t<meta name=\"twitter:data1\" content=\"1 minute\" \/>\n<script type=\"application\/ld+json\" class=\"yoast-schema-graph\">{\"@context\":\"https:\/\/schema.org\",\"@graph\":[{\"@type\":\"WebPage\",\"@id\":\"https:\/\/www.perceko.lv\/ru\/kontakty\/\",\"url\":\"https:\/\/www.perceko.lv\/ru\/kontakty\/\",\"name\":\"\u041a\u043e\u043d\u0442\u0430\u043a\u0442\u044b - Perc Eko\",\"isPartOf\":{\"@id\":\"https:\/\/www.perceko.lv\/ru\/#website\"},\"datePublished\":\"2018-04-03T14:39:23+00:00\",\"dateModified\":\"2025-07-21T08:51:04+00:00\",\"breadcrumb\":{\"@id\":\"https:\/\/www.perceko.lv\/ru\/kontakty\/#breadcrumb\"},\"inLanguage\":\"ru-RU\",\"potentialAction\":[{\"@type\":\"ReadAction\",\"target\":[\"https:\/\/www.perceko.lv\/ru\/kontakty\/\"]}]},{\"@type\":\"BreadcrumbList\",\"@id\":\"https:\/\/www.perceko.lv\/ru\/kontakty\/#breadcrumb\",\"itemListElement\":[{\"@type\":\"ListItem\",\"position\":1,\"name\":\"Home\",\"item\":\"https:\/\/www.perceko.lv\/ru\/\"},{\"@type\":\"ListItem\",\"position\":2,\"name\":\"\u041a\u043e\u043d\u0442\u0430\u043a\u0442\u044b\"}]},{\"@type\":\"WebSite\",\"@id\":\"https:\/\/www.perceko.lv\/ru\/#website\",\"url\":\"https:\/\/www.perceko.lv\/ru\/\",\"name\":\"Perc Eko\",\"description\":\"\",\"potentialAction\":[{\"@type\":\"SearchAction\",\"target\":{\"@type\":\"EntryPoint\",\"urlTemplate\":\"https:\/\/www.perceko.lv\/ru\/?s={search_term_string}\"},\"query-input\":\"required name=search_term_string\"}],\"inLanguage\":\"ru-RU\"}]}<\/script>\n<!-- \/ Yoast SEO plugin. -->","yoast_head_json":{"title":"\u041a\u043e\u043d\u0442\u0430\u043a\u0442\u044b - Perc Eko","robots":{"index":"index","follow":"follow","max-snippet":"max-snippet:-1","max-image-preview":"max-image-preview:large","max-video-preview":"max-video-preview:-1"},"canonical":"https:\/\/www.perceko.lv\/ru\/kontakty\/","og_locale":"ru_RU","og_type":"article","og_title":"\u041a\u043e\u043d\u0442\u0430\u043a\u0442\u044b - Perc Eko","og_description":"Legal address: SIA &#8220;Samex Group&#8221; Re\u0123. Nr. LV40103231674 S.Eizen\u0161teina iela 79- 92, R\u012bga, LV- 1079, Latvija \u0420\u0430\u0431\u043e\u0447\u0435\u0435 \u0432\u0440\u0435\u043c\u044f: \u041f. &#8211; \u0427 . 09:00 &#8211; 15:00 \u044d\u043b.\u0430\u0434\u0440\u0435\u0441: veikals@perceko.lv","og_url":"https:\/\/www.perceko.lv\/ru\/kontakty\/","og_site_name":"Perc Eko","article_publisher":"https:\/\/www.facebook.com\/perceko","article_modified_time":"2025-07-21T08:51:04+00:00","twitter_misc":{"Est. reading time":"1 minute"},"schema":{"@context":"https:\/\/schema.org","@graph":[{"@type":"WebPage","@id":"https:\/\/www.perceko.lv\/ru\/kontakty\/","url":"https:\/\/www.perceko.lv\/ru\/kontakty\/","name":"\u041a\u043e\u043d\u0442\u0430\u043a\u0442\u044b - Perc Eko","isPartOf":{"@id":"https:\/\/www.perceko.lv\/ru\/#website"},"datePublished":"2018-04-03T14:39:23+00:00","dateModified":"2025-07-21T08:51:04+00:00","breadcrumb":{"@id":"https:\/\/www.perceko.lv\/ru\/kontakty\/#breadcrumb"},"inLanguage":"ru-RU","potentialAction":[{"@type":"ReadAction","target":["https:\/\/www.perceko.lv\/ru\/kontakty\/"]}]},{"@type":"BreadcrumbList","@id":"https:\/\/www.perceko.lv\/ru\/kontakty\/#breadcrumb","itemListElement":[{"@type":"ListItem","position":1,"name":"Home","item":"https:\/\/www.perceko.lv\/ru\/"},{"@type":"ListItem","position":2,"name":"\u041a\u043e\u043d\u0442\u0430\u043a\u0442\u044b"}]},{"@type":"WebSite","@id":"https:\/\/www.perceko.lv\/ru\/#website","url":"https:\/\/www.perceko.lv\/ru\/","name":"Perc Eko","description":"","potentialAction":[{"@type":"SearchAction","target":{"@type":"EntryPoint","urlTemplate":"https:\/\/www.perceko.lv\/ru\/?s={search_term_string}"},"query-input":"required name=search_term_string"}],"inLanguage":"ru-RU"}]}},"_links":{"self":[{"href":"https:\/\/www.perceko.lv\/ru\/wp-json\/wp\/v2\/pages\/2391"}],"collection":[{"href":"https:\/\/www.perceko.lv\/ru\/wp-json\/wp\/v2\/pages"}],"about":[{"href":"https:\/\/www.perceko.lv\/ru\/wp-json\/wp\/v2\/types\/page"}],"author":[{"embeddable":true,"href":"https:\/\/www.perceko.lv\/ru\/wp-json\/wp\/v2\/users\/1"}],"replies":[{"embeddable":true,"href":"https:\/\/www.perceko.lv\/ru\/wp-json\/wp\/v2\/comments?post=2391"}],"version-history":[{"count":14,"href":"https:\/\/www.perceko.lv\/ru\/wp-json\/wp\/v2\/pages\/2391\/revisions"}],"predecessor-version":[{"id":95407,"href":"https:\/\/www.perceko.lv\/ru\/wp-json\/wp\/v2\/pages\/2391\/revisions\/95407"}],"wp:attachment":[{"href":"https:\/\/www.perceko.lv\/ru\/wp-json\/wp\/v2\/media?parent=2391"}],"curies":[{"name":"wp","href":"https:\/\/api.w.org\/{rel}","templated":true}]}}